{"id":92,"date":"2023-11-29T15:49:12","date_gmt":"2023-11-29T14:49:12","guid":{"rendered":"https:\/\/entreprisebelmas.fr\/?page_id=92"},"modified":"2024-01-17T09:34:59","modified_gmt":"2024-01-17T08:34:59","slug":"notre-metier","status":"publish","type":"page","link":"https:\/\/entreprisebelmas.fr\/index.php\/notre-metier\/","title":{"rendered":"Notre m\u00e9tier"},"content":{"rendered":"<div data-colibri-id=\"92-c1\" class=\"style-794 style-local-92-c1 position-relative\">\n  <!---->\n  <div data-colibri-component=\"section\" data-colibri-id=\"92-c2\" data-aos=\"fadeIn\" id=\"about\" class=\"h-section h-section-global-spacing d-flex align-items-lg-center align-items-md-center align-items-center style-1085 style-local-92-c2 position-relative\">\n    <!---->\n    <!---->\n    <div class=\"h-section-grid-container h-section-boxed-container\">\n      <!---->\n      <div data-colibri-id=\"92-c3\" class=\"h-row-container gutters-row-lg-0 gutters-row-md-0 gutters-row-0 gutters-row-v-lg-0 gutters-row-v-md-0 gutters-row-v-0 style-1086 style-local-92-c3 position-relative\">\n        <!---->\n        <div class=\"h-row justify-content-lg-center justify-content-md-center justify-content-center align-items-lg-stretch align-items-md-stretch align-items-stretch gutters-col-lg-0 gutters-col-md-0 gutters-col-0 gutters-col-v-lg-0 gutters-col-v-md-0 gutters-col-v-0\">\n          <!---->\n          <div class=\"h-column h-column-container d-flex h-col-lg-auto h-col-md-auto h-col-auto style-1087-outer style-local-92-c4-outer\">\n            <div data-colibri-id=\"92-c4\" class=\"d-flex h-flex-basis h-column__inner h-ui-empty-state-container h-px-lg-0 h-px-md-0 h-px-0 v-inner-lg-0 v-inner-md-0 v-inner-0 style-1087 style-local-92-c4 position-relative\">\n              <!---->\n              <!---->\n              <div class=\"w-100 h-y-container h-column__content h-column__v-align flex-basis-100\">\n                <!---->\n              <\/div>\n            <\/div>\n          <\/div>\n          <div class=\"h-column h-column-container d-flex h-col-lg-auto h-col-md-auto h-col-auto style-1088-outer style-local-92-c5-outer\">\n            <div data-colibri-id=\"92-c5\" class=\"d-flex h-flex-basis h-column__inner h-px-lg-2 h-px-md-2 h-px-2 v-inner-lg-2 v-inner-md-2 v-inner-2 style-1088 style-local-92-c5 position-relative\">\n              <!---->\n              <!---->\n              <div class=\"w-100 h-y-container h-column__content h-column__v-align flex-basis-100 align-self-lg-start align-self-md-start align-self-start\">\n                <!---->\n                <div data-colibri-id=\"92-c6\" class=\"h-global-transition-all h-heading style-1090 style-local-92-c6 position-relative h-element\">\n                  <!---->\n                  <div class=\"h-heading__outer style-1090 style-local-92-c6\">\n                    <!---->\n                    <!---->\n                    <h3 class=\"\"><em style=\"font-size: 70%; color: rgb(254, 203, 50); font-family: &quot;Playfair Display&quot;;\">Notre histoire<\/em><\/h3>\n                  <\/div>\n                <\/div>\n                <div data-colibri-id=\"92-c7\" class=\"h-text h-text-component style-1091 style-local-92-c7 position-relative h-element\">\n                  <!---->\n                  <!---->\n                  <div class=\"\">\n                    <p><strong style=\"color: rgb(0, 0, 0); font-weight: 700;\">La soci\u00e9t\u00e9 BELMAS<\/strong><span style=\"color: rgb(0, 0, 0); font-weight: 700;\"> <\/span><span style=\"color: rgb(0, 0, 0);\">est une entreprise <\/span><span style=\"color: rgb(0, 0, 0); font-weight: 700;\">Toulousaine <\/span>\n                      <span\n                        style=\"color: rgb(0, 0, 0);\">sp\u00e9cialis\u00e9e dans les <\/span><span style=\"color: rgb(0, 0, 0); font-weight: 700;\">Travaux Publics.<\/span><span style=\"color: rgb(0, 0, 0);\"> Fond\u00e9e en 1992 par mon p\u00e8re, elle a commenc\u00e9 comme petite entreprise familiale que M. BELMAS a d\u00e9velopp\u00e9e au fil des ann\u00e9es pour devenir un <\/span>\n                        <strong\n                          style=\"color: rgb(0, 0, 0);\">acteur incontournable dans le secteur<\/strong><span style=\"color: rgb(0, 0, 0);\">.<\/span><\/p>\n                    <p><span style=\"color: rgb(0, 0, 0);\">Nous poss\u00e9dons une expertise reconnue dans les travaux publics et les infrastructures, avec plus de <\/span><strong style=\"color: rgb(0, 0, 0);\">30 ans d&#8217;exp\u00e9rience<\/strong><span style=\"color: rgb(0, 0, 0);\">, et utilisons des technologies de pointe et des \u00e9quipements modernes pour garantir des <\/span>\n                      <strong\n                        style=\"color: rgb(0, 0, 0);\">r\u00e9sultats de haute qualit\u00e9 dans des d\u00e9lais impartis. <\/strong>\n                    <\/p>\n                    <p><span style=\"color: rgb(0, 0, 0);\">Nous attachons une grande importance \u00e0 <\/span><span style=\"color: rgb(0, 0, 0); font-weight: 700;\">la s\u00e9curit\u00e9<\/span><span style=\"color: rgb(0, 0, 0);\"> et au respect de <\/span><span style=\"color: rgb(0, 0, 0); font-weight: 700;\">l&#8217;environnement<\/span>\n                      <span\n                        style=\"color: rgb(0, 0, 0);\"> dans tous ses projets.<\/span>\n                    <\/p>\n                    <p><span style=\"color: rgb(0, 0, 0);\">Nous proposons des services complets, de la conception \u00e0 la r\u00e9alisation, en passant par la coordination avec les diff\u00e9rents acteurs impliqu\u00e9s dans le projet.<\/span><\/p>\n                    <p><span style=\"color: rgb(0, 0, 0);\">Nous sommes enfin tr\u00e8s engag\u00e9s dans une d\u00e9marche de d\u00e9veloppement durable, avec une approche responsable vis-\u00e0-vis des <\/span><strong style=\"color: rgb(0, 0, 0);\">enjeux sociaux et environnementaux<\/strong>\n                      <span\n                        style=\"color: rgb(0, 0, 0);\">.<\/span>\n                    <\/p>\n                  <\/div>\n                <\/div>\n              <\/div>\n            <\/div>\n          <\/div>\n        <\/div>\n      <\/div>\n    <\/div>\n  <\/div>\n  <div data-colibri-component=\"section\" data-colibri-id=\"92-c8\" data-aos=\"fadeIn\" id=\"about-3\" class=\"h-section h-section-global-spacing d-flex align-items-lg-center align-items-md-center align-items-center style-1098 style-local-92-c8 position-relative\">\n    <!---->\n    <!---->\n    <div class=\"h-section-grid-container h-section-boxed-container\">\n      <!---->\n      <div data-colibri-id=\"92-c9\" class=\"h-row-container gutters-row-lg-1 gutters-row-md-1 gutters-row-0 gutters-row-v-lg-1 gutters-row-v-md-1 gutters-row-v-1 style-1099 style-local-92-c9 position-relative\">\n        <!---->\n        <div class=\"h-row justify-content-lg-center justify-content-md-center justify-content-center align-items-lg-stretch align-items-md-stretch align-items-stretch gutters-col-lg-1 gutters-col-md-1 gutters-col-0 gutters-col-v-lg-1 gutters-col-v-md-1 gutters-col-v-1\">\n          <!---->\n          <div class=\"h-column h-column-container d-flex h-col-lg-auto h-col-md-auto h-col-auto style-1100-outer style-local-92-c10-outer\">\n            <div data-colibri-id=\"92-c10\" class=\"d-flex h-flex-basis h-column__inner h-px-lg-1 h-px-md-1 h-px-1 v-inner-lg-0 v-inner-md-0 v-inner-0 style-1100 style-local-92-c10 position-relative\">\n              <!---->\n              <!---->\n              <div class=\"w-100 h-y-container h-column__content h-column__v-align flex-basis-100 align-self-lg-start align-self-md-start align-self-start\">\n                <!---->\n                <div data-colibri-id=\"92-c11\" class=\"h-global-transition-all h-heading style-1102 style-local-92-c11 position-relative h-element\">\n                  <!---->\n                  <div class=\"h-heading__outer style-1102 style-local-92-c11\">\n                    <!---->\n                    <!---->\n                    <h3 class=\"\"><em style=\"font-size: 70%; font-family: &quot;Playfair Display&quot;; color: rgb(254, 203, 50);\">Notre d\u00e9veloppement<\/em><\/h3>\n                  <\/div>\n                <\/div>\n                <div data-colibri-id=\"92-c12\" class=\"h-text h-text-component style-1103 style-local-92-c12 position-relative h-element\">\n                  <!---->\n                  <!---->\n                  <div class=\"\">\n                    <p>Le si\u00e8ge social de&nbsp;<strong style=\"font-weight: 700;\">la soci\u00e9t\u00e9 BELMAS<\/strong>, est situ\u00e9 au Nord-Ouest de Toulouse, <span style=\"font-weight: 700;\">\u00e0 127 rue de Palegril 31330&nbsp;<\/span><strong>Grenade sur Garonne<\/strong>\n                      <strong\n                        style=\"font-weight: 700;\">.&nbsp;<\/strong>Nous sommes une&nbsp;<strong>PME locale&nbsp;<\/strong>disposant d\u2019une&nbsp;<strong>souplesse et d&#8217;une forte r\u00e9activit\u00e9 pour vos r\u00e9alisations<\/strong>. Participer \u00e0 ce projet est, pour nous, une opportunit\u00e9 d\u2019\u00e9largir\n                        notre visibilit\u00e9 sur la communaut\u00e9. Cela vient compl\u00e9ter une implantation durable dans la r\u00e9gion. Le conducteur de travaux, les chefs de chantier et le personnel de nos \u00e9quipes sont issus du bassin&nbsp;<strong>d\u2019emploi local<\/strong>.<\/p>\n                    <p><strong style=\"font-weight: 700;\">Depuis 2023,&nbsp;<\/strong>de par notre progression constante et toujours dans le but de&nbsp;<strong>r\u00e9pondre au mieux aux attentes de nos clients<\/strong>, nous avons mis en place une cellule bureau\n                      d\u2019\u00e9tude en accueillant un charg\u00e9 d\u2019\u00e9tudes.<\/p>\n                    <p><strong style=\"font-weight: 700;\">La soci\u00e9t\u00e9 BELMAS<\/strong>&nbsp;est au coeur de la zone g\u00e9ographique des travaux avec un trajet moyen de&nbsp;<strong>15 minutes&nbsp;<\/strong>pour se rendre sur votre op\u00e9ration. Cette proximit\u00e9 est\n                      un atout dans la r\u00e9alisation du march\u00e9, et assure une logistique efficace.<\/p>\n                    <p>Elle nous permet en effet :<\/p>\n                    <p>\u2022 De disposer le personnel adapt\u00e9 aux contraintes du chantier et d&#8217;assurer le suivi des travaux au jour le jour,<\/p>\n                    <p>\u2022 D\u2019\u00eatre tr\u00e8s&nbsp;<strong>r\u00e9actifs en cas de situation d\u2019urgence<\/strong>,<\/p>\n                    <p>\u2022 De pouvoir d\u00e9p\u00eacher rapidement des moyens humains et mat\u00e9riels suppl\u00e9mentaires si n\u00e9cessaire.<\/p>\n                  <\/div>\n                <\/div>\n              <\/div>\n            <\/div>\n          <\/div>\n        <\/div>\n      <\/div>\n    <\/div>\n  <\/div>\n<\/div>","protected":false},"excerpt":{"rendered":"<p>Notre histoire La soci\u00e9t\u00e9 BELMAS est une entreprise Toulousaine sp\u00e9cialis\u00e9e dans les Travaux Publics. Fond\u00e9e en 1992 par mon p\u00e8re, elle a commenc\u00e9 comme petite entreprise familiale que M. BELMAS a d\u00e9velopp\u00e9e au fil des ann\u00e9es pour devenir un acteur incontournable dans le secteur. Nous poss\u00e9dons une expertise reconnue dans les travaux publics et les [&hellip;]<\/p>\n","protected":false},"author":1,"featured_media":0,"parent":0,"menu_order":0,"comment_status":"closed","ping_status":"closed","template":"page-templates\/full-width-page.php","meta":{"footnotes":""},"class_list":["post-92","page","type-page","status-publish","hentry"],"yoast_head":"<!-- This site is optimized with the Yoast SEO plugin v21.6 - https:\/\/yoast.com\/wordpress\/plugins\/seo\/ -->\n<title>Notre m\u00e9tier - BELMAS TP<\/title>\n<meta name=\"robots\" content=\"index, follow, max-snippet:-1, max-image-preview:large, max-video-preview:-1\" \/>\n<link rel=\"canonical\" href=\"https:\/\/entreprisebelmas.fr\/index.php\/notre-metier\/\" \/>\n<meta property=\"og:locale\" content=\"en_US\" \/>\n<meta property=\"og:type\" content=\"article\" \/>\n<meta property=\"og:title\" content=\"Notre m\u00e9tier - BELMAS TP\" \/>\n<meta property=\"og:description\" content=\"Notre histoire La soci\u00e9t\u00e9 BELMAS est une entreprise Toulousaine sp\u00e9cialis\u00e9e dans les Travaux Publics. Fond\u00e9e en 1992 par mon p\u00e8re, elle a commenc\u00e9 comme petite entreprise familiale que M. BELMAS a d\u00e9velopp\u00e9e au fil des ann\u00e9es pour devenir un acteur incontournable dans le secteur. Nous poss\u00e9dons une expertise reconnue dans les travaux publics et les [&hellip;]\" \/>\n<meta property=\"og:url\" content=\"https:\/\/entreprisebelmas.fr\/index.php\/notre-metier\/\" \/>\n<meta property=\"og:site_name\" content=\"BELMAS TP\" \/>\n<meta property=\"article:modified_time\" content=\"2024-01-17T08:34:59+00:00\" \/>\n<meta name=\"twitter:card\" content=\"summary_large_image\" \/>\n<meta name=\"twitter:label1\" content=\"Est. reading time\" \/>\n\t<meta name=\"twitter:data1\" content=\"2 minutes\" \/>\n<script type=\"application\/ld+json\" class=\"yoast-schema-graph\">{\"@context\":\"https:\/\/schema.org\",\"@graph\":[{\"@type\":\"WebPage\",\"@id\":\"https:\/\/entreprisebelmas.fr\/index.php\/notre-metier\/\",\"url\":\"https:\/\/entreprisebelmas.fr\/index.php\/notre-metier\/\",\"name\":\"Notre m\u00e9tier - BELMAS TP\",\"isPartOf\":{\"@id\":\"https:\/\/entreprisebelmas.fr\/#website\"},\"datePublished\":\"2023-11-29T14:49:12+00:00\",\"dateModified\":\"2024-01-17T08:34:59+00:00\",\"breadcrumb\":{\"@id\":\"https:\/\/entreprisebelmas.fr\/index.php\/notre-metier\/#breadcrumb\"},\"inLanguage\":\"en-US\",\"potentialAction\":[{\"@type\":\"ReadAction\",\"target\":[\"https:\/\/entreprisebelmas.fr\/index.php\/notre-metier\/\"]}]},{\"@type\":\"BreadcrumbList\",\"@id\":\"https:\/\/entreprisebelmas.fr\/index.php\/notre-metier\/#breadcrumb\",\"itemListElement\":[{\"@type\":\"ListItem\",\"position\":1,\"name\":\"Home\",\"item\":\"https:\/\/entreprisebelmas.fr\/\"},{\"@type\":\"ListItem\",\"position\":2,\"name\":\"Notre m\u00e9tier\"}]},{\"@type\":\"WebSite\",\"@id\":\"https:\/\/entreprisebelmas.fr\/#website\",\"url\":\"https:\/\/entreprisebelmas.fr\/\",\"name\":\"BELMAS TP\",\"description\":\"\",\"publisher\":{\"@id\":\"https:\/\/entreprisebelmas.fr\/#organization\"},\"potentialAction\":[{\"@type\":\"SearchAction\",\"target\":{\"@type\":\"EntryPoint\",\"urlTemplate\":\"https:\/\/entreprisebelmas.fr\/?s={search_term_string}\"},\"query-input\":\"required name=search_term_string\"}],\"inLanguage\":\"en-US\"},{\"@type\":\"Organization\",\"@id\":\"https:\/\/entreprisebelmas.fr\/#organization\",\"name\":\"BELMAS TP\",\"url\":\"https:\/\/entreprisebelmas.fr\/\",\"logo\":{\"@type\":\"ImageObject\",\"inLanguage\":\"en-US\",\"@id\":\"https:\/\/entreprisebelmas.fr\/#\/schema\/logo\/image\/\",\"url\":\"https:\/\/entreprisebelmas.fr\/wp-content\/uploads\/2023\/11\/cropped-Belmas-logo-valide-1.png\",\"contentUrl\":\"https:\/\/entreprisebelmas.fr\/wp-content\/uploads\/2023\/11\/cropped-Belmas-logo-valide-1.png\",\"width\":2319,\"height\":936,\"caption\":\"BELMAS TP\"},\"image\":{\"@id\":\"https:\/\/entreprisebelmas.fr\/#\/schema\/logo\/image\/\"}}]}<\/script>\n<!-- \/ Yoast SEO plugin. -->","yoast_head_json":{"title":"Notre m\u00e9tier - BELMAS TP","robots":{"index":"index","follow":"follow","max-snippet":"max-snippet:-1","max-image-preview":"max-image-preview:large","max-video-preview":"max-video-preview:-1"},"canonical":"https:\/\/entreprisebelmas.fr\/index.php\/notre-metier\/","og_locale":"en_US","og_type":"article","og_title":"Notre m\u00e9tier - BELMAS TP","og_description":"Notre histoire La soci\u00e9t\u00e9 BELMAS est une entreprise Toulousaine sp\u00e9cialis\u00e9e dans les Travaux Publics. Fond\u00e9e en 1992 par mon p\u00e8re, elle a commenc\u00e9 comme petite entreprise familiale que M. BELMAS a d\u00e9velopp\u00e9e au fil des ann\u00e9es pour devenir un acteur incontournable dans le secteur. Nous poss\u00e9dons une expertise reconnue dans les travaux publics et les [&hellip;]","og_url":"https:\/\/entreprisebelmas.fr\/index.php\/notre-metier\/","og_site_name":"BELMAS TP","article_modified_time":"2024-01-17T08:34:59+00:00","twitter_card":"summary_large_image","twitter_misc":{"Est. reading time":"2 minutes"},"schema":{"@context":"https:\/\/schema.org","@graph":[{"@type":"WebPage","@id":"https:\/\/entreprisebelmas.fr\/index.php\/notre-metier\/","url":"https:\/\/entreprisebelmas.fr\/index.php\/notre-metier\/","name":"Notre m\u00e9tier - BELMAS TP","isPartOf":{"@id":"https:\/\/entreprisebelmas.fr\/#website"},"datePublished":"2023-11-29T14:49:12+00:00","dateModified":"2024-01-17T08:34:59+00:00","breadcrumb":{"@id":"https:\/\/entreprisebelmas.fr\/index.php\/notre-metier\/#breadcrumb"},"inLanguage":"en-US","potentialAction":[{"@type":"ReadAction","target":["https:\/\/entreprisebelmas.fr\/index.php\/notre-metier\/"]}]},{"@type":"BreadcrumbList","@id":"https:\/\/entreprisebelmas.fr\/index.php\/notre-metier\/#breadcrumb","itemListElement":[{"@type":"ListItem","position":1,"name":"Home","item":"https:\/\/entreprisebelmas.fr\/"},{"@type":"ListItem","position":2,"name":"Notre m\u00e9tier"}]},{"@type":"WebSite","@id":"https:\/\/entreprisebelmas.fr\/#website","url":"https:\/\/entreprisebelmas.fr\/","name":"BELMAS TP","description":"","publisher":{"@id":"https:\/\/entreprisebelmas.fr\/#organization"},"potentialAction":[{"@type":"SearchAction","target":{"@type":"EntryPoint","urlTemplate":"https:\/\/entreprisebelmas.fr\/?s={search_term_string}"},"query-input":"required name=search_term_string"}],"inLanguage":"en-US"},{"@type":"Organization","@id":"https:\/\/entreprisebelmas.fr\/#organization","name":"BELMAS TP","url":"https:\/\/entreprisebelmas.fr\/","logo":{"@type":"ImageObject","inLanguage":"en-US","@id":"https:\/\/entreprisebelmas.fr\/#\/schema\/logo\/image\/","url":"https:\/\/entreprisebelmas.fr\/wp-content\/uploads\/2023\/11\/cropped-Belmas-logo-valide-1.png","contentUrl":"https:\/\/entreprisebelmas.fr\/wp-content\/uploads\/2023\/11\/cropped-Belmas-logo-valide-1.png","width":2319,"height":936,"caption":"BELMAS TP"},"image":{"@id":"https:\/\/entreprisebelmas.fr\/#\/schema\/logo\/image\/"}}]}},"_links":{"self":[{"href":"https:\/\/entreprisebelmas.fr\/index.php\/wp-json\/wp\/v2\/pages\/92","targetHints":{"allow":["GET"]}}],"collection":[{"href":"https:\/\/entreprisebelmas.fr\/index.php\/wp-json\/wp\/v2\/pages"}],"about":[{"href":"https:\/\/entreprisebelmas.fr\/index.php\/wp-json\/wp\/v2\/types\/page"}],"author":[{"embeddable":true,"href":"https:\/\/entreprisebelmas.fr\/index.php\/wp-json\/wp\/v2\/users\/1"}],"replies":[{"embeddable":true,"href":"https:\/\/entreprisebelmas.fr\/index.php\/wp-json\/wp\/v2\/comments?post=92"}],"version-history":[{"count":20,"href":"https:\/\/entreprisebelmas.fr\/index.php\/wp-json\/wp\/v2\/pages\/92\/revisions"}],"predecessor-version":[{"id":1303,"href":"https:\/\/entreprisebelmas.fr\/index.php\/wp-json\/wp\/v2\/pages\/92\/revisions\/1303"}],"wp:attachment":[{"href":"https:\/\/entreprisebelmas.fr\/index.php\/wp-json\/wp\/v2\/media?parent=92"}],"curies":[{"name":"wp","href":"https:\/\/api.w.org\/{rel}","templated":true}]}}