{"id":5,"date":"2023-11-29T11:15:29","date_gmt":"2023-11-29T10:15:29","guid":{"rendered":"http:\/\/entreprisebelmas.fr\/index.php\/colibri-wp\/"},"modified":"2026-03-17T11:18:36","modified_gmt":"2026-03-17T10:18:36","slug":"colibri-wp","status":"publish","type":"page","link":"https:\/\/entreprisebelmas.fr\/","title":{"rendered":"Accueil"},"content":{"rendered":"<div data-colibri-id=\"5-c1\" class=\"style-193 style-local-5-c1 position-relative\">\n  <!---->\n  <div data-colibri-component=\"section\" data-colibri-id=\"5-c2\" data-aos=\"fadeIn\" id=\"overlappable\" class=\"h-section h-section-global-spacing d-flex align-items-lg-center align-items-md-center align-items-center style-889 style-local-5-c2 position-relative\">\n    <!---->\n    <!---->\n    <div class=\"h-section-grid-container h-section-boxed-container\">\n      <!---->\n      <div data-colibri-id=\"5-c3\" class=\"h-row-container gutters-row-lg-2 gutters-row-md-0 gutters-row-2 gutters-row-v-lg-2 gutters-row-v-md-0 gutters-row-v-2 style-890 style-local-5-c3 position-relative\">\n        <!---->\n        <div class=\"h-row justify-content-lg-center justify-content-md-center justify-content-center align-items-lg-stretch align-items-md-stretch align-items-stretch gutters-col-lg-2 gutters-col-md-0 gutters-col-2 gutters-col-v-lg-2 gutters-col-v-md-0 gutters-col-v-2\">\n          <!---->\n          <div class=\"h-column h-column-container d-flex h-col-lg-4 h-col-md-4 h-col-12 style-891-outer style-local-5-c4-outer\">\n            <div data-colibri-id=\"5-c4\" class=\"d-flex h-flex-basis h-column__inner h-px-lg-2 h-px-md-3 h-px-2 v-inner-lg-0 v-inner-md-3 v-inner-2 style-891 style-local-5-c4 position-relative\">\n              <!---->\n              <!---->\n              <div class=\"w-100 h-y-container h-column__content h-column__v-align flex-basis-100 align-self-lg-start align-self-md-start align-self-start\">\n                <!---->\n                <div data-colibri-id=\"5-c5\" class=\"h-icon style-892 style-local-5-c5 position-relative h-element\">\n                  <!----><span class=\"h-svg-icon h-icon__icon style-892-icon style-local-5-c5-icon\"><!--Icon by Icons8 Line Awesome (https:\/\/icons8.com\/line-awesome)--><svg version=\"1.1\" xmlns=\"http:\/\/www.w3.org\/2000\/svg\" xmlns:xlink=\"http:\/\/www.w3.org\/1999\/xlink\" id=\"certificate\" viewBox=\"0 0 512 545.5\"><path d=\"M256 80c9.983 0 19.968 3.405 28.5 9.5L311 108l30 4h.5c21.032 2.554 37.638 19.561 40.5 40.5.053.387.457.61.5 1h-.5l6 30 18.5 26.5c12.19 17.064 11.676 39.618.5 57.5v.5l-.5.5L388 295l-4 30 50 76 16.5 24.5H374l-18.5 43L344 496l-16.5-25-50.5-76c-13.095 6.064-28.457 5.585-42 0l-50.5 76-16.5 25-11.5-27.5-18.5-43H61.5L78 401l51.5-78.5-5-27.5-19-26.5c-12.19-17.064-11.676-40.118-.5-58v-.5l.5-.5 18.5-24 4-31v-.5l.5-.5c4.534-20.402 20.598-36.466 41-41l.5-.5h.5l30.5-4 26.5-18.5c8.532-6.095 18.517-9.5 28.5-9.5zm0 32.5c-3.666 0-7.332 1.095-10 3L217.5 136l-3.5 2.5-4 .5-33.5 4.5c-.247.055-.257.438-.5.5-7.79 2.005-13.995 8.21-16 16-.063.243-.445.253-.5.5L155 194l-.5 4.5-2.5 3-20 26c-4.824 7.72-4.31 17.165-.5 22.5l20.5 28.5 2.5 3 .5 4 6.5 36.5v1c.246 2.212 1.006 4.255 2 6 2.224 3.903 6.053 6.45 11 7h.5l35 5 4.5.5 3 2.5 26 20c7.72 4.824 17.165 4.31 22.5.5l28.5-20.5 3-2.5 4-.5 36.5-6.5h1c4.002-.444 7.192-2.272 9.5-5v-.5l1-.5c1.337-1.955 2.207-4.365 2.5-7v-.5l5-35 .5-4 2.5-3.5 20-28c4.824-7.72 4.31-16.665.5-22L360 200l-2.5-3-.5-3.5-6.5-35.5v-1c-.796-7.16-5.84-12.204-13-13h-.5l-35-5-4-.5-3.5-2.5-28.5-20.5c-2.668-1.905-6.334-3-10-3zM366.5 356c-6.544 5.165-14.402 8.824-23 10-.387.053-.61.457-1 .5v-.5l-31.5 5.5-7.5 5.5 34 52 11-25.5 4-10H391zm-221 .5l-24.5 37h38.5l4 10 11 25.5 34-51.5-7-5.5-30.5-4c-.157-.018-.343.02-.5 0-9.517-1.155-18.16-5.4-25-11.5z\"><\/path><\/svg><\/span><\/div>\n                <div\n                  data-colibri-id=\"5-c6\" class=\"h-global-transition-all h-heading style-893 style-local-5-c6 position-relative h-element\">\n                  <!---->\n                  <div class=\"h-heading__outer style-893 style-local-5-c6\">\n                    <!---->\n                    <!---->\n                    <h5 class=\"\">30 ANS D&#8217;EXP\u00c9rience<\/h5>\n                  <\/div>\n              <\/div>\n            <\/div>\n          <\/div>\n        <\/div>\n        <div class=\"h-column h-column-container d-flex h-col-lg-4 h-col-md-4 h-col-12 style-891-outer style-local-5-c7-outer\">\n          <div data-colibri-id=\"5-c7\" class=\"d-flex h-flex-basis h-column__inner h-px-lg-2 h-px-md-3 h-px-2 v-inner-lg-0 v-inner-md-3 v-inner-2 style-891 style-local-5-c7 position-relative\">\n            <!---->\n            <!---->\n            <div class=\"w-100 h-y-container h-column__content h-column__v-align flex-basis-100 align-self-lg-start align-self-md-start align-self-start\">\n              <!---->\n              <div data-colibri-id=\"5-c8\" class=\"h-icon style-892 style-local-5-c8 position-relative h-element\">\n                <!----><span class=\"h-svg-icon h-icon__icon style-892-icon style-local-5-c8-icon\"><!--Icon by Ionicons (https:\/\/ionicons.com)--><svg version=\"1.1\" xmlns=\"http:\/\/www.w3.org\/2000\/svg\" xmlns:xlink=\"http:\/\/www.w3.org\/1999\/xlink\" id=\"ios-timer\" viewBox=\"0 0 416 512\"><path d=\"M208 48c115 0 208 93 208 208s-93 208-208 208S0 371 0 256 93 48 208 48zM102 150c-2 2 86 120 86 120l1 1c5 6 11 10 19 10 14 0 25-11 25-25 0-7-3-13-8-18l-3-3s-117-87-120-85zm106 297c106 0 192-85 192-191S314 64 208 64v96h16V82c88 9 158 84 158 174 0 96-78 174-174 174S33 352 33 256c0-48 19-92 51-124l-11-12c-35 35-56 83-56 136 0 106 85 191 191 191z\"><\/path><\/svg><\/span><\/div>\n              <div\n                data-colibri-id=\"5-c9\" class=\"h-global-transition-all h-heading style-893 style-local-5-c9 position-relative h-element\">\n                <!---->\n                <div class=\"h-heading__outer style-893 style-local-5-c9\">\n                  <!---->\n                  <!---->\n                  <h5 class=\"\">grande r\u00c9activit\u00c9<\/h5>\n                <\/div>\n            <\/div>\n          <\/div>\n        <\/div>\n      <\/div>\n      <div class=\"h-column h-column-container d-flex h-col-lg-4 h-col-md-4 h-col-12 style-891-outer style-local-5-c10-outer\">\n        <div data-colibri-id=\"5-c10\" class=\"d-flex h-flex-basis h-column__inner h-px-lg-2 h-px-md-3 h-px-2 v-inner-lg-0 v-inner-md-3 v-inner-2 style-891 style-local-5-c10 position-relative\">\n          <!---->\n          <!---->\n          <div class=\"w-100 h-y-container h-column__content h-column__v-align flex-basis-100 align-self-lg-start align-self-md-start align-self-start\">\n            <!---->\n            <div data-colibri-id=\"5-c11\" class=\"h-icon style-892 style-local-5-c11 position-relative h-element\">\n              <!----><span class=\"h-svg-icon h-icon__icon style-892-icon style-local-5-c11-icon\"><!--Icon by Font Awesome (https:\/\/fontawesome.com)-->\n    <svg version=\"1.1\" xmlns=\"http:\/\/www.w3.org\/2000\/svg\" xmlns:xlink=\"http:\/\/www.w3.org\/1999\/xlink\" id=\"pagelines\" viewBox=\"0 0 1408 1896.0833\">\n      <path d=\"M1402 1103q-32 80-76 138t-91 88.5-99 46.5-101.5 14.5-96.5-8.5-86.5-22-69.5-27.5-46-22.5l-17-10q-113 228-289.5 359.5T45 1792q-19 0-32-13t-13-32 13-31.5 32-12.5q173-1 322.5-107.5T619 1301q-36 14-72 23t-83 13-91-2.5-93-28.5-92-59-84.5-100T29 1001q114-47 214-57t167.5 7.5T535 1008t88.5 77 56.5 82q53-131 79-291-7 1-18 2.5t-46.5 2.5-69.5-.5-81.5-10-88.5-23-84-42.5-75-65-54.5-94.5T213 518q70-28 133.5-36.5t112.5 1 92 30 73.5 50 56 61 42 63 27.5 56 16 39.5l4 16q12-122 12-195-8-6-21.5-16t-49-44.5T648 471t-54-93-33-112.5 12-127T643 0q73 25 127.5 61.5T855 138t48 85 20.5 89-.5 85.5-13 76.5-19 62-17 42l-7 15q1 4 1 50t-1 72q3-7 10-18.5t30.5-43 50.5-58 71-55.5 91.5-44.5 112-14.5 132.5 24q-2 78-21.5 141.5t-50 104.5-69.5 71.5-81.5 45.5-84.5 24-80 9.5-67.5-1T864 896l-17-3q-23 147-73 283 6-7 18-18.5t49.5-41T919 1064t99.5-42 117.5-20 129 23.5 137 77.5z\"><\/path>\n    <\/svg><\/span><\/div>\n            <div data-colibri-id=\"5-c12\" class=\"h-global-transition-all h-heading style-893 style-local-5-c12 position-relative h-element\">\n              <!---->\n              <div class=\"h-heading__outer style-893 style-local-5-c12\">\n                <!---->\n                <!---->\n                <h5 class=\"\">enjeux sociaux &amp; environnementaux<\/h5>\n              <\/div>\n            <\/div>\n          <\/div>\n        <\/div>\n      <\/div>\n    <\/div>\n  <\/div>\n<\/div>\n<\/div>\n<div data-colibri-component=\"section\" data-colibri-id=\"5-c13\" id=\"about-2\" class=\"h-section h-section-global-spacing d-flex align-items-lg-center align-items-md-center align-items-center style-1055 style-local-5-c13 position-relative\">\n  <!---->\n  <!---->\n  <div class=\"h-section-grid-container h-section-boxed-container\">\n    <!---->\n    <div data-colibri-id=\"5-c14\" class=\"h-row-container gutters-row-lg-2 gutters-row-md-2 gutters-row-2 gutters-row-v-lg-2 gutters-row-v-md-2 gutters-row-v-2 style-1056 style-local-5-c14 position-relative\">\n      <!---->\n      <div class=\"h-row justify-content-lg-center justify-content-md-center justify-content-center align-items-lg-stretch align-items-md-stretch align-items-stretch gutters-col-lg-2 gutters-col-md-2 gutters-col-2 gutters-col-v-lg-2 gutters-col-v-md-2 gutters-col-v-2\">\n        <!---->\n        <div class=\"h-column h-column-container d-flex h-col-lg-auto h-col-md-auto h-col-auto style-1057-outer style-local-5-c15-outer\">\n          <div data-colibri-id=\"5-c15\" class=\"d-flex h-flex-basis h-column__inner h-px-lg-2 h-px-md-2 h-px-2 v-inner-lg-2 v-inner-md-2 v-inner-2 style-1057 style-local-5-c15 position-relative\">\n            <!---->\n            <!---->\n            <div class=\"w-100 h-y-container h-column__content h-column__v-align flex-basis-100 align-self-lg-center align-self-md-center align-self-center\">\n              <!---->\n              <div data-colibri-id=\"5-c16\" class=\"h-global-transition-all h-heading style-1058 style-local-5-c16 position-relative h-element\">\n                <!---->\n                <div class=\"h-heading__outer style-1058 style-local-5-c16\">\n                  <!---->\n                  <!---->\n                  <h5 class=\"\">&nbsp;<\/h5>\n                <\/div>\n              <\/div>\n              <div data-colibri-id=\"5-c17\" class=\"h-global-transition-all h-heading style-1059 style-local-5-c17 position-relative h-element\">\n                <!---->\n                <div class=\"h-heading__outer style-1059 style-local-5-c17\">\n                  <!---->\n                  <!---->\n                  <h3 class=\"\"><em style=\"font-family: &quot;Playfair Display&quot;; color: rgb(254, 203, 50);\">Edito<\/em><\/h3>\n                <\/div>\n              <\/div>\n              <div data-colibri-id=\"5-c18\" class=\"h-lead h-text h-text-component style-1060 style-local-5-c18 position-relative h-element\">\n                <!---->\n                <!---->\n                <div class=\"\">\n                  <p><em style=\"font-family: Roboto; font-size: 12pt;\">La soci\u00e9t\u00e9 BELMAS est une entreprise toulousaine sp\u00e9cialis\u00e9e dans les Travaux Publics.<\/em><\/p>\n                  <p><em style=\"font-family: Roboto; font-size: 12pt;\">Fond\u00e9e en 1992 par mon p\u00e8re, elle a commenc\u00e9 comme petite entreprise familiale que j\u2019ai d\u00e9velopp\u00e9e au fil des ann\u00e9es pour devenir un acteur incontournable dans le secteur.<\/em><\/p>\n                  <p><em style=\"font-family: Roboto; font-size: 12pt;\">Nous poss\u00e9dons une expertise reconnue dans les travaux publics et les infrastructures, avec plus de 30 ans d&#8217;exp\u00e9rience, et utilisons des technologies de pointe et des \u00e9quipements modernes pour garantir des r\u00e9sultats de haute qualit\u00e9 dans des d\u00e9lais impartis.<\/em><\/p>\n                  <p><em style=\"font-family: Roboto; font-size: 12pt;\">Nous attachons une grande importance \u00e0 la s\u00e9curit\u00e9 et au respect de l&#8217;environnement dans tous les projets.<\/em><\/p>\n                  <p><em style=\"font-family: Roboto; font-size: 12pt;\">Nous proposons des services complets, de la conception \u00e0 la r\u00e9alisation, en passant par la coordination avec les diff\u00e9rents acteurs impliqu\u00e9s dans le projet.<\/em><\/p>\n                  <p><em style=\"font-family: Roboto; font-size: 12pt;\">Nous sommes enfin tr\u00e8s engag\u00e9s dans une d\u00e9marche de d\u00e9veloppement durable, avec une approche responsable vis-\u00e0-vis des enjeux sociaux et environnementaux.<\/em><em style=\"font-size: 12pt; font-family: Roboto; color: rgb(34, 34, 34); font-weight: 400;\"><br><br><\/em>\n                    <em\n                      style=\"font-size: 12pt; font-family: Roboto; color: rgb(254, 203, 50); font-weight: 400;\">Benjamin BELMAS, G\u00e9rant<\/em>\n                  <\/p>\n                <\/div>\n              <\/div>\n            <\/div>\n          <\/div>\n        <\/div>\n        <div class=\"h-column h-column-container d-flex h-col-lg-auto h-col-md-auto h-col-auto style-1063-outer style-local-5-c19-outer\">\n          <div data-colibri-id=\"5-c19\" class=\"d-flex h-flex-basis h-column__inner h-px-lg-2 h-px-md-2 h-px-2 v-inner-lg-2 v-inner-md-2 v-inner-2 style-1063 style-local-5-c19 position-relative\">\n            <!---->\n            <!---->\n            <div class=\"w-100 h-y-container h-column__content h-column__v-align flex-basis-100 align-self-lg-center align-self-md-center align-self-center\">\n              <!---->\n              <div data-colibri-id=\"5-c20\" class=\"d-block style-1064 style-local-5-c20 position-relative h-element\">\n                <!---->\n                <div class=\"h-image__frame-container-outer\">\n                  <div class=\"h-image__frame-container\">\n                    <!---->\n                    <!---->\n                    <img decoding=\"async\" src=\"https:\/\/entreprisebelmas.fr\/wp-content\/uploads\/2023\/11\/colibri-image-320.png\" class=\"wp-image-1488 style-1064-image style-local-5-c20-image\" alt=\"\" \/>\n                    <div class=\"h-image__frame h-hide-sm style-1064-frameImage style-local-5-c20-frameImage\"><\/div>\n                  <\/div>\n                <\/div>\n              <\/div>\n            <\/div>\n          <\/div>\n        <\/div>\n      <\/div>\n    <\/div>\n  <\/div>\n<\/div>\n<\/div>","protected":false},"excerpt":{"rendered":"<p>30 ANS D&#8217;EXP\u00c9rience grande r\u00c9activit\u00c9 enjeux sociaux &amp; environnementaux &nbsp; Edito La soci\u00e9t\u00e9 BELMAS est une entreprise toulousaine sp\u00e9cialis\u00e9e dans les Travaux Publics. Fond\u00e9e en 1992 par mon p\u00e8re, elle a commenc\u00e9 comme petite entreprise familiale que j\u2019ai d\u00e9velopp\u00e9e au fil des ann\u00e9es pour devenir un acteur incontournable dans le secteur. Nous poss\u00e9dons une expertise [&hellip;]<\/p>\n","protected":false},"author":1,"featured_media":0,"parent":0,"menu_order":0,"comment_status":"closed","ping_status":"closed","template":"page-templates\/homepage.php","meta":{"footnotes":""},"class_list":["post-5","page","type-page","status-publish","hentry"],"yoast_head":"<!-- This site is optimized with the Yoast SEO plugin v21.6 - https:\/\/yoast.com\/wordpress\/plugins\/seo\/ -->\n<title>Accueil - BELMAS TP<\/title>\n<meta name=\"robots\" content=\"index, follow, max-snippet:-1, max-image-preview:large, max-video-preview:-1\" \/>\n<link rel=\"canonical\" href=\"https:\/\/entreprisebelmas.fr\/\" \/>\n<meta property=\"og:locale\" content=\"en_US\" \/>\n<meta property=\"og:type\" content=\"article\" \/>\n<meta property=\"og:title\" content=\"Accueil - BELMAS TP\" \/>\n<meta property=\"og:description\" content=\"30 ANS D&#8217;EXP\u00c9rience grande r\u00c9activit\u00c9 enjeux sociaux &amp; environnementaux &nbsp; Edito La soci\u00e9t\u00e9 BELMAS est une entreprise toulousaine sp\u00e9cialis\u00e9e dans les Travaux Publics. Fond\u00e9e en 1992 par mon p\u00e8re, elle a commenc\u00e9 comme petite entreprise familiale que j\u2019ai d\u00e9velopp\u00e9e au fil des ann\u00e9es pour devenir un acteur incontournable dans le secteur. Nous poss\u00e9dons une expertise [&hellip;]\" \/>\n<meta property=\"og:url\" content=\"https:\/\/entreprisebelmas.fr\/\" \/>\n<meta property=\"og:site_name\" content=\"BELMAS TP\" \/>\n<meta property=\"article:modified_time\" content=\"2026-03-17T10:18:36+00:00\" \/>\n<meta property=\"og:image\" content=\"https:\/\/entreprisebelmas.fr\/wp-content\/uploads\/2023\/11\/colibri-image-320.png\" \/>\n<meta name=\"twitter:card\" content=\"summary_large_image\" \/>\n<meta name=\"twitter:label1\" content=\"Est. reading time\" \/>\n\t<meta name=\"twitter:data1\" content=\"1 minute\" \/>\n<script type=\"application\/ld+json\" class=\"yoast-schema-graph\">{\"@context\":\"https:\/\/schema.org\",\"@graph\":[{\"@type\":\"WebPage\",\"@id\":\"https:\/\/entreprisebelmas.fr\/\",\"url\":\"https:\/\/entreprisebelmas.fr\/\",\"name\":\"Accueil - BELMAS TP\",\"isPartOf\":{\"@id\":\"https:\/\/entreprisebelmas.fr\/#website\"},\"datePublished\":\"2023-11-29T10:15:29+00:00\",\"dateModified\":\"2026-03-17T10:18:36+00:00\",\"breadcrumb\":{\"@id\":\"https:\/\/entreprisebelmas.fr\/#breadcrumb\"},\"inLanguage\":\"en-US\",\"potentialAction\":[{\"@type\":\"ReadAction\",\"target\":[\"https:\/\/entreprisebelmas.fr\/\"]}]},{\"@type\":\"BreadcrumbList\",\"@id\":\"https:\/\/entreprisebelmas.fr\/#breadcrumb\",\"itemListElement\":[{\"@type\":\"ListItem\",\"position\":1,\"name\":\"Home\",\"item\":\"https:\/\/entreprisebelmas.fr\/\"},{\"@type\":\"ListItem\",\"position\":2,\"name\":\"Accueil\"}]},{\"@type\":\"WebSite\",\"@id\":\"https:\/\/entreprisebelmas.fr\/#website\",\"url\":\"https:\/\/entreprisebelmas.fr\/\",\"name\":\"BELMAS TP\",\"description\":\"\",\"publisher\":{\"@id\":\"https:\/\/entreprisebelmas.fr\/#organization\"},\"potentialAction\":[{\"@type\":\"SearchAction\",\"target\":{\"@type\":\"EntryPoint\",\"urlTemplate\":\"https:\/\/entreprisebelmas.fr\/?s={search_term_string}\"},\"query-input\":\"required name=search_term_string\"}],\"inLanguage\":\"en-US\"},{\"@type\":\"Organization\",\"@id\":\"https:\/\/entreprisebelmas.fr\/#organization\",\"name\":\"BELMAS TP\",\"url\":\"https:\/\/entreprisebelmas.fr\/\",\"logo\":{\"@type\":\"ImageObject\",\"inLanguage\":\"en-US\",\"@id\":\"https:\/\/entreprisebelmas.fr\/#\/schema\/logo\/image\/\",\"url\":\"https:\/\/entreprisebelmas.fr\/wp-content\/uploads\/2023\/11\/cropped-Belmas-logo-valide-1.png\",\"contentUrl\":\"https:\/\/entreprisebelmas.fr\/wp-content\/uploads\/2023\/11\/cropped-Belmas-logo-valide-1.png\",\"width\":2319,\"height\":936,\"caption\":\"BELMAS TP\"},\"image\":{\"@id\":\"https:\/\/entreprisebelmas.fr\/#\/schema\/logo\/image\/\"}}]}<\/script>\n<!-- \/ Yoast SEO plugin. -->","yoast_head_json":{"title":"Accueil - BELMAS TP","robots":{"index":"index","follow":"follow","max-snippet":"max-snippet:-1","max-image-preview":"max-image-preview:large","max-video-preview":"max-video-preview:-1"},"canonical":"https:\/\/entreprisebelmas.fr\/","og_locale":"en_US","og_type":"article","og_title":"Accueil - BELMAS TP","og_description":"30 ANS D&#8217;EXP\u00c9rience grande r\u00c9activit\u00c9 enjeux sociaux &amp; environnementaux &nbsp; Edito La soci\u00e9t\u00e9 BELMAS est une entreprise toulousaine sp\u00e9cialis\u00e9e dans les Travaux Publics. Fond\u00e9e en 1992 par mon p\u00e8re, elle a commenc\u00e9 comme petite entreprise familiale que j\u2019ai d\u00e9velopp\u00e9e au fil des ann\u00e9es pour devenir un acteur incontournable dans le secteur. Nous poss\u00e9dons une expertise [&hellip;]","og_url":"https:\/\/entreprisebelmas.fr\/","og_site_name":"BELMAS TP","article_modified_time":"2026-03-17T10:18:36+00:00","og_image":[{"url":"https:\/\/entreprisebelmas.fr\/wp-content\/uploads\/2023\/11\/colibri-image-320.png"}],"twitter_card":"summary_large_image","twitter_misc":{"Est. reading time":"1 minute"},"schema":{"@context":"https:\/\/schema.org","@graph":[{"@type":"WebPage","@id":"https:\/\/entreprisebelmas.fr\/","url":"https:\/\/entreprisebelmas.fr\/","name":"Accueil - BELMAS TP","isPartOf":{"@id":"https:\/\/entreprisebelmas.fr\/#website"},"datePublished":"2023-11-29T10:15:29+00:00","dateModified":"2026-03-17T10:18:36+00:00","breadcrumb":{"@id":"https:\/\/entreprisebelmas.fr\/#breadcrumb"},"inLanguage":"en-US","potentialAction":[{"@type":"ReadAction","target":["https:\/\/entreprisebelmas.fr\/"]}]},{"@type":"BreadcrumbList","@id":"https:\/\/entreprisebelmas.fr\/#breadcrumb","itemListElement":[{"@type":"ListItem","position":1,"name":"Home","item":"https:\/\/entreprisebelmas.fr\/"},{"@type":"ListItem","position":2,"name":"Accueil"}]},{"@type":"WebSite","@id":"https:\/\/entreprisebelmas.fr\/#website","url":"https:\/\/entreprisebelmas.fr\/","name":"BELMAS TP","description":"","publisher":{"@id":"https:\/\/entreprisebelmas.fr\/#organization"},"potentialAction":[{"@type":"SearchAction","target":{"@type":"EntryPoint","urlTemplate":"https:\/\/entreprisebelmas.fr\/?s={search_term_string}"},"query-input":"required name=search_term_string"}],"inLanguage":"en-US"},{"@type":"Organization","@id":"https:\/\/entreprisebelmas.fr\/#organization","name":"BELMAS TP","url":"https:\/\/entreprisebelmas.fr\/","logo":{"@type":"ImageObject","inLanguage":"en-US","@id":"https:\/\/entreprisebelmas.fr\/#\/schema\/logo\/image\/","url":"https:\/\/entreprisebelmas.fr\/wp-content\/uploads\/2023\/11\/cropped-Belmas-logo-valide-1.png","contentUrl":"https:\/\/entreprisebelmas.fr\/wp-content\/uploads\/2023\/11\/cropped-Belmas-logo-valide-1.png","width":2319,"height":936,"caption":"BELMAS TP"},"image":{"@id":"https:\/\/entreprisebelmas.fr\/#\/schema\/logo\/image\/"}}]}},"_links":{"self":[{"href":"https:\/\/entreprisebelmas.fr\/index.php\/wp-json\/wp\/v2\/pages\/5","targetHints":{"allow":["GET"]}}],"collection":[{"href":"https:\/\/entreprisebelmas.fr\/index.php\/wp-json\/wp\/v2\/pages"}],"about":[{"href":"https:\/\/entreprisebelmas.fr\/index.php\/wp-json\/wp\/v2\/types\/page"}],"author":[{"embeddable":true,"href":"https:\/\/entreprisebelmas.fr\/index.php\/wp-json\/wp\/v2\/users\/1"}],"replies":[{"embeddable":true,"href":"https:\/\/entreprisebelmas.fr\/index.php\/wp-json\/wp\/v2\/comments?post=5"}],"version-history":[{"count":20,"href":"https:\/\/entreprisebelmas.fr\/index.php\/wp-json\/wp\/v2\/pages\/5\/revisions"}],"predecessor-version":[{"id":1419,"href":"https:\/\/entreprisebelmas.fr\/index.php\/wp-json\/wp\/v2\/pages\/5\/revisions\/1419"}],"wp:attachment":[{"href":"https:\/\/entreprisebelmas.fr\/index.php\/wp-json\/wp\/v2\/media?parent=5"}],"curies":[{"name":"wp","href":"https:\/\/api.w.org\/{rel}","templated":true}]}}