{"id":2,"date":"2023-09-25T15:43:36","date_gmt":"2023-09-25T13:43:36","guid":{"rendered":"http:\/\/entreprisebelmas.fr\/?page_id=2"},"modified":"2024-02-02T10:29:39","modified_gmt":"2024-02-02T09:29:39","slug":"mentions-legales","status":"publish","type":"page","link":"https:\/\/entreprisebelmas.fr\/index.php\/mentions-legales\/","title":{"rendered":"Mentions l\u00e9gales"},"content":{"rendered":"\n<p id=\"block-72f2c5c9-c19d-4dba-890d-452f581d6564\">SOCIETE BELMAS<br>Si\u00e8ge social : 127 Rue de Palegril 31330 GRENADE SUR GARONNE<\/p>\n\n\n\n<p id=\"block-d7d0baaa-72af-4e57-b13d-64ed66c30e30\">SARL unipersonnelle au capital de 21 724,13 euros<br>N\u00b0 Siret 385 090 279 00030 \u2013 RCS TOULOUSE<br>Code APE 4312A \u2013 N\u00b0 TVA Intracommunautaire FR73385090279<\/p>\n\n\n\n<p id=\"block-480811bb-2a30-4248-87d9-18cf11130f98\">T\u00e9l : 05.61.59.76.52 \u2013 Contact :\u00a0<a href=\"mailto:contact@entreprisebelmas.fr\" target=\"_blank\" rel=\"noreferrer noopener\">contact@entreprisebelmas.fr<\/a><\/p>\n\n\n\n<h3 class=\"wp-block-heading\" id=\"block-65fcd16a-0e22-46fd-ad67-63efaa8387fa\">H\u00e9bergement<\/h3>\n\n\n\n<p id=\"block-24b56407-274a-4945-b13e-fb97e0e08f03\">OVH \u2013 2 Rue Kellermann \u2013 59100 ROUBAIX France<\/p>\n\n\n\n<p id=\"block-2b596d19-9139-4715-b3d8-bfbd99ec1d13\">T\u00e9l : 08.20.69.87.65<\/p>\n\n\n\n<p id=\"block-4acb8b3c-146f-4b0d-a1b1-e962b0739bc2\">Responsable de la publication : Monsieur BELMAS Benjamin \u2013 05.61.59.76.52 \u2013  <a href=\"mailto:contact@entreprisebelmas.fr\" target=\"_blank\" rel=\"noreferrer noopener\">contact@entreprisebelmas.fr<\/a><\/p>\n\n\n\n<h3 class=\"wp-block-heading\" id=\"block-5eed6e44-8c9a-4f3c-81b4-9973cda2084b\">Droits d\u2019auteur<\/h3>\n\n\n\n<p id=\"block-56f9f6f5-1e55-4f9b-a0cc-9f6c8cc72969\">Les droits d\u2019auteur attach\u00e9s \u00e0 tout contenu fourni sur ce site web appartiennent \u00e0 SOCIETE BELMAS ou au propri\u00e9taire tiers du contenu. Sous r\u00e9serve des stipulations pr\u00e9sentes, aucun contenu de ce site Web ne peut \u00eatre copi\u00e9, reproduit, distribu\u00e9, republi\u00e9, t\u00e9l\u00e9charg\u00e9, affich\u00e9, mis en ligne ni transmis sous quelque forme et de quelque mani\u00e8re que ce soit, y compris notamment sous forme \u00e9lectronique, photocopie m\u00e9canique, enregistrement ou autre sans l\u2019autorisation \u00e9crite pr\u00e9alable de SOCIETE BELMAS ou du propri\u00e9taire tiers du contenu. L\u2019utilisation non autoris\u00e9e d\u2019un contenu de ce site peut constituer une violation des lois relatives aux droits d\u2019auteur, aux r\u00e9glementations relatives \u00e0 la confidentialit\u00e9 et \u00e0 la publicit\u00e9 et aux lois et r\u00e9glementations r\u00e9gissant les communications ainsi que toutes autres lois nationales et locales.<\/p>\n\n\n\n<h3 class=\"wp-block-heading\" id=\"block-24ef04e4-d56c-40a5-a93b-e487841e3af7\">Traitement des donn\u00e9es personnelles<\/h3>\n\n\n\n<p id=\"block-cb89e8d9-8210-45f4-9763-1b3b3e1afe97\">Conform\u00e9ment \u00e0 la loi Informatique et Libert\u00e9s du 6 janvier 1978, vous disposez aupr\u00e8s de SOCIETE BELMAS d\u2019un droit d\u2019acc\u00e8s, de rectification ou de suppression concernant les donn\u00e9es personnelles que nous pourrions \u00eatre amen\u00e9s \u00e0 recueillir. Ces donn\u00e9es sont celles que vous aurez volontairement enregistr\u00e9es lors de demandes d\u2019information. Aucune information personnelle vous concernant n\u2019est c\u00e9d\u00e9e \u00e0 des tiers ou utilis\u00e9e \u00e0 des fins non pr\u00e9vues.<\/p>\n","protected":false},"excerpt":{"rendered":"<p>SOCIETE BELMASSi\u00e8ge social : 127 Rue de Palegril 31330 GRENADE SUR GARONNE SARL unipersonnelle au capital de 21 724,13 eurosN\u00b0 Siret 385 090 279 00030 \u2013 RCS TOULOUSECode APE 4312A \u2013 N\u00b0 TVA Intracommunautaire FR73385090279 T\u00e9l : 05.61.59.76.52 \u2013 Contact :\u00a0contact@entreprisebelmas.fr H\u00e9bergement OVH \u2013 2 Rue Kellermann \u2013 59100 ROUBAIX France T\u00e9l : 08.20.69.87.65 Responsable [&hellip;]<\/p>\n","protected":false},"author":1,"featured_media":0,"parent":0,"menu_order":0,"comment_status":"closed","ping_status":"closed","template":"","meta":{"footnotes":""},"class_list":["post-2","page","type-page","status-publish","hentry"],"yoast_head":"<!-- This site is optimized with the Yoast SEO plugin v21.6 - https:\/\/yoast.com\/wordpress\/plugins\/seo\/ -->\n<title>Mentions l\u00e9gales - BELMAS TP<\/title>\n<meta name=\"robots\" content=\"index, follow, max-snippet:-1, max-image-preview:large, max-video-preview:-1\" \/>\n<link rel=\"canonical\" href=\"https:\/\/entreprisebelmas.fr\/index.php\/mentions-legales\/\" \/>\n<meta property=\"og:locale\" content=\"en_US\" \/>\n<meta property=\"og:type\" content=\"article\" \/>\n<meta property=\"og:title\" content=\"Mentions l\u00e9gales - BELMAS TP\" \/>\n<meta property=\"og:description\" content=\"SOCIETE BELMASSi\u00e8ge social : 127 Rue de Palegril 31330 GRENADE SUR GARONNE SARL unipersonnelle au capital de 21 724,13 eurosN\u00b0 Siret 385 090 279 00030 \u2013 RCS TOULOUSECode APE 4312A \u2013 N\u00b0 TVA Intracommunautaire FR73385090279 T\u00e9l : 05.61.59.76.52 \u2013 Contact :\u00a0contact@entreprisebelmas.fr H\u00e9bergement OVH \u2013 2 Rue Kellermann \u2013 59100 ROUBAIX France T\u00e9l : 08.20.69.87.65 Responsable [&hellip;]\" \/>\n<meta property=\"og:url\" content=\"https:\/\/entreprisebelmas.fr\/index.php\/mentions-legales\/\" \/>\n<meta property=\"og:site_name\" content=\"BELMAS TP\" \/>\n<meta property=\"article:modified_time\" content=\"2024-02-02T09:29:39+00:00\" \/>\n<meta name=\"twitter:card\" content=\"summary_large_image\" \/>\n<meta name=\"twitter:label1\" content=\"Est. reading time\" \/>\n\t<meta name=\"twitter:data1\" content=\"2 minutes\" \/>\n<script type=\"application\/ld+json\" class=\"yoast-schema-graph\">{\"@context\":\"https:\/\/schema.org\",\"@graph\":[{\"@type\":\"WebPage\",\"@id\":\"https:\/\/entreprisebelmas.fr\/index.php\/mentions-legales\/\",\"url\":\"https:\/\/entreprisebelmas.fr\/index.php\/mentions-legales\/\",\"name\":\"Mentions l\u00e9gales - BELMAS TP\",\"isPartOf\":{\"@id\":\"https:\/\/entreprisebelmas.fr\/#website\"},\"datePublished\":\"2023-09-25T13:43:36+00:00\",\"dateModified\":\"2024-02-02T09:29:39+00:00\",\"breadcrumb\":{\"@id\":\"https:\/\/entreprisebelmas.fr\/index.php\/mentions-legales\/#breadcrumb\"},\"inLanguage\":\"en-US\",\"potentialAction\":[{\"@type\":\"ReadAction\",\"target\":[\"https:\/\/entreprisebelmas.fr\/index.php\/mentions-legales\/\"]}]},{\"@type\":\"BreadcrumbList\",\"@id\":\"https:\/\/entreprisebelmas.fr\/index.php\/mentions-legales\/#breadcrumb\",\"itemListElement\":[{\"@type\":\"ListItem\",\"position\":1,\"name\":\"Home\",\"item\":\"https:\/\/entreprisebelmas.fr\/\"},{\"@type\":\"ListItem\",\"position\":2,\"name\":\"Mentions l\u00e9gales\"}]},{\"@type\":\"WebSite\",\"@id\":\"https:\/\/entreprisebelmas.fr\/#website\",\"url\":\"https:\/\/entreprisebelmas.fr\/\",\"name\":\"BELMAS TP\",\"description\":\"\",\"publisher\":{\"@id\":\"https:\/\/entreprisebelmas.fr\/#organization\"},\"potentialAction\":[{\"@type\":\"SearchAction\",\"target\":{\"@type\":\"EntryPoint\",\"urlTemplate\":\"https:\/\/entreprisebelmas.fr\/?s={search_term_string}\"},\"query-input\":\"required name=search_term_string\"}],\"inLanguage\":\"en-US\"},{\"@type\":\"Organization\",\"@id\":\"https:\/\/entreprisebelmas.fr\/#organization\",\"name\":\"BELMAS TP\",\"url\":\"https:\/\/entreprisebelmas.fr\/\",\"logo\":{\"@type\":\"ImageObject\",\"inLanguage\":\"en-US\",\"@id\":\"https:\/\/entreprisebelmas.fr\/#\/schema\/logo\/image\/\",\"url\":\"https:\/\/entreprisebelmas.fr\/wp-content\/uploads\/2023\/11\/cropped-Belmas-logo-valide-1.png\",\"contentUrl\":\"https:\/\/entreprisebelmas.fr\/wp-content\/uploads\/2023\/11\/cropped-Belmas-logo-valide-1.png\",\"width\":2319,\"height\":936,\"caption\":\"BELMAS TP\"},\"image\":{\"@id\":\"https:\/\/entreprisebelmas.fr\/#\/schema\/logo\/image\/\"}}]}<\/script>\n<!-- \/ Yoast SEO plugin. -->","yoast_head_json":{"title":"Mentions l\u00e9gales - BELMAS TP","robots":{"index":"index","follow":"follow","max-snippet":"max-snippet:-1","max-image-preview":"max-image-preview:large","max-video-preview":"max-video-preview:-1"},"canonical":"https:\/\/entreprisebelmas.fr\/index.php\/mentions-legales\/","og_locale":"en_US","og_type":"article","og_title":"Mentions l\u00e9gales - BELMAS TP","og_description":"SOCIETE BELMASSi\u00e8ge social : 127 Rue de Palegril 31330 GRENADE SUR GARONNE SARL unipersonnelle au capital de 21 724,13 eurosN\u00b0 Siret 385 090 279 00030 \u2013 RCS TOULOUSECode APE 4312A \u2013 N\u00b0 TVA Intracommunautaire FR73385090279 T\u00e9l : 05.61.59.76.52 \u2013 Contact :\u00a0contact@entreprisebelmas.fr H\u00e9bergement OVH \u2013 2 Rue Kellermann \u2013 59100 ROUBAIX France T\u00e9l : 08.20.69.87.65 Responsable [&hellip;]","og_url":"https:\/\/entreprisebelmas.fr\/index.php\/mentions-legales\/","og_site_name":"BELMAS TP","article_modified_time":"2024-02-02T09:29:39+00:00","twitter_card":"summary_large_image","twitter_misc":{"Est. reading time":"2 minutes"},"schema":{"@context":"https:\/\/schema.org","@graph":[{"@type":"WebPage","@id":"https:\/\/entreprisebelmas.fr\/index.php\/mentions-legales\/","url":"https:\/\/entreprisebelmas.fr\/index.php\/mentions-legales\/","name":"Mentions l\u00e9gales - BELMAS TP","isPartOf":{"@id":"https:\/\/entreprisebelmas.fr\/#website"},"datePublished":"2023-09-25T13:43:36+00:00","dateModified":"2024-02-02T09:29:39+00:00","breadcrumb":{"@id":"https:\/\/entreprisebelmas.fr\/index.php\/mentions-legales\/#breadcrumb"},"inLanguage":"en-US","potentialAction":[{"@type":"ReadAction","target":["https:\/\/entreprisebelmas.fr\/index.php\/mentions-legales\/"]}]},{"@type":"BreadcrumbList","@id":"https:\/\/entreprisebelmas.fr\/index.php\/mentions-legales\/#breadcrumb","itemListElement":[{"@type":"ListItem","position":1,"name":"Home","item":"https:\/\/entreprisebelmas.fr\/"},{"@type":"ListItem","position":2,"name":"Mentions l\u00e9gales"}]},{"@type":"WebSite","@id":"https:\/\/entreprisebelmas.fr\/#website","url":"https:\/\/entreprisebelmas.fr\/","name":"BELMAS TP","description":"","publisher":{"@id":"https:\/\/entreprisebelmas.fr\/#organization"},"potentialAction":[{"@type":"SearchAction","target":{"@type":"EntryPoint","urlTemplate":"https:\/\/entreprisebelmas.fr\/?s={search_term_string}"},"query-input":"required name=search_term_string"}],"inLanguage":"en-US"},{"@type":"Organization","@id":"https:\/\/entreprisebelmas.fr\/#organization","name":"BELMAS TP","url":"https:\/\/entreprisebelmas.fr\/","logo":{"@type":"ImageObject","inLanguage":"en-US","@id":"https:\/\/entreprisebelmas.fr\/#\/schema\/logo\/image\/","url":"https:\/\/entreprisebelmas.fr\/wp-content\/uploads\/2023\/11\/cropped-Belmas-logo-valide-1.png","contentUrl":"https:\/\/entreprisebelmas.fr\/wp-content\/uploads\/2023\/11\/cropped-Belmas-logo-valide-1.png","width":2319,"height":936,"caption":"BELMAS TP"},"image":{"@id":"https:\/\/entreprisebelmas.fr\/#\/schema\/logo\/image\/"}}]}},"_links":{"self":[{"href":"https:\/\/entreprisebelmas.fr\/index.php\/wp-json\/wp\/v2\/pages\/2","targetHints":{"allow":["GET"]}}],"collection":[{"href":"https:\/\/entreprisebelmas.fr\/index.php\/wp-json\/wp\/v2\/pages"}],"about":[{"href":"https:\/\/entreprisebelmas.fr\/index.php\/wp-json\/wp\/v2\/types\/page"}],"author":[{"embeddable":true,"href":"https:\/\/entreprisebelmas.fr\/index.php\/wp-json\/wp\/v2\/users\/1"}],"replies":[{"embeddable":true,"href":"https:\/\/entreprisebelmas.fr\/index.php\/wp-json\/wp\/v2\/comments?post=2"}],"version-history":[{"count":6,"href":"https:\/\/entreprisebelmas.fr\/index.php\/wp-json\/wp\/v2\/pages\/2\/revisions"}],"predecessor-version":[{"id":1251,"href":"https:\/\/entreprisebelmas.fr\/index.php\/wp-json\/wp\/v2\/pages\/2\/revisions\/1251"}],"wp:attachment":[{"href":"https:\/\/entreprisebelmas.fr\/index.php\/wp-json\/wp\/v2\/media?parent=2"}],"curies":[{"name":"wp","href":"https:\/\/api.w.org\/{rel}","templated":true}]}}